{"id":838,"date":"2020-06-16T19:30:23","date_gmt":"2020-06-16T16:30:23","guid":{"rendered":"http:\/\/www.kristimedia.fi\/?page_id=838"},"modified":"2022-03-14T20:54:06","modified_gmt":"2022-03-14T18:54:06","slug":"podcast-2","status":"publish","type":"page","link":"http:\/\/www.kristimedia.fi\/?page_id=838","title":{"rendered":"Podcast"},"content":{"rendered":"\n<p>Voit kuunnella <em>Kristimedian<\/em> tuottamaa \u00e4\u00e4niohjelmaa my\u00f6s <em>Kristimedia Podcastin<\/em> kautta <em>Soundcloud<\/em> -palvelusta:<\/p>\n\n\n\n<h2 class=\"wp-block-heading\"><a rel=\"noreferrer noopener\" href=\"https:\/\/soundcloud.com\/kristimedia-fi\" target=\"_blank\">soundcloud.com\/kristimedia-fi<\/a><\/h2>\n\n\n\n<p>sek\u00e4 <a rel=\"noreferrer noopener\" href=\"https:\/\/open.spotify.com\/show\/47DxFAygYvPoYKk4uWt4pu\" target=\"_blank\"><a rel=\"noreferrer noopener\" href=\"https:\/\/anchor.fm\/kristimediafi\/\" target=\"_blank\">Anchor.fm<\/a><\/a>,<a rel=\"noreferrer noopener\" href=\"https:\/\/open.spotify.com\/show\/47DxFAygYvPoYKk4uWt4pu\" target=\"_blank\"> Spotify<\/a>,  <a href=\"https:\/\/podcasts.apple.com\/fi\/podcast\/kristimedia-fi\/id1580237070?l=fi\" target=\"_blank\" rel=\"noreferrer noopener\">Apple<\/a> ja <a rel=\"noreferrer noopener\" href=\"https:\/\/podcasts.google.com\/search\/kristimedia.fi\" target=\"_blank\">Google Podcasts<\/a> -palveluista.<\/p>\n\n\n\n<figure class=\"wp-block-image size-large\"><a href=\"https:\/\/soundcloud.com\/kristimedia-fi\" target=\"_blank\" rel=\"noopener noreferrer\"><img loading=\"lazy\" decoding=\"async\" width=\"333\" height=\"250\" src=\"http:\/\/www.kristimedia.fi\/wp-content\/uploads\/2018\/10\/kristimedialogo.jpg\" alt=\"www.kristimedia.fi\" class=\"wp-image-469\" srcset=\"http:\/\/www.kristimedia.fi\/wp-content\/uploads\/2018\/10\/kristimedialogo.jpg 333w, http:\/\/www.kristimedia.fi\/wp-content\/uploads\/2018\/10\/kristimedialogo-300x225.jpg 300w\" sizes=\"auto, (max-width: 333px) 100vw, 333px\" \/><\/a><\/figure>\n","protected":false},"excerpt":{"rendered":"<p>Voit kuunnella Kristimedian tuottamaa \u00e4\u00e4niohjelmaa my\u00f6s Kristimedia Podcastin kautta Soundcloud -palvelusta: soundcloud.com\/kristimedia-fi sek\u00e4 Anchor.fm, Spotify, Apple ja Google Podcasts -palveluista.<\/p>\n","protected":false},"author":3,"featured_media":0,"parent":0,"menu_order":0,"comment_status":"closed","ping_status":"closed","template":"","meta":{"footnotes":""},"class_list":["post-838","page","type-page","status-publish","hentry"],"_links":{"self":[{"href":"http:\/\/www.kristimedia.fi\/index.php?rest_route=\/wp\/v2\/pages\/838","targetHints":{"allow":["GET"]}}],"collection":[{"href":"http:\/\/www.kristimedia.fi\/index.php?rest_route=\/wp\/v2\/pages"}],"about":[{"href":"http:\/\/www.kristimedia.fi\/index.php?rest_route=\/wp\/v2\/types\/page"}],"author":[{"embeddable":true,"href":"http:\/\/www.kristimedia.fi\/index.php?rest_route=\/wp\/v2\/users\/3"}],"replies":[{"embeddable":true,"href":"http:\/\/www.kristimedia.fi\/index.php?rest_route=%2Fwp%2Fv2%2Fcomments&post=838"}],"version-history":[{"count":12,"href":"http:\/\/www.kristimedia.fi\/index.php?rest_route=\/wp\/v2\/pages\/838\/revisions"}],"predecessor-version":[{"id":950,"href":"http:\/\/www.kristimedia.fi\/index.php?rest_route=\/wp\/v2\/pages\/838\/revisions\/950"}],"wp:attachment":[{"href":"http:\/\/www.kristimedia.fi\/index.php?rest_route=%2Fwp%2Fv2%2Fmedia&parent=838"}],"curies":[{"name":"wp","href":"https:\/\/api.w.org\/{rel}","templated":true}]}}