{"id":852,"date":"2020-04-03T18:49:46","date_gmt":"2020-04-03T15:49:46","guid":{"rendered":"http:\/\/www.kristimedia.fi\/?page_id=852"},"modified":"2021-07-23T22:26:17","modified_gmt":"2021-07-23T19:26:17","slug":"blogi","status":"publish","type":"page","link":"http:\/\/www.kristimedia.fi\/?page_id=852","title":{"rendered":"Blogi"},"content":{"rendered":"\n<h3 class=\"wp-block-heading\"><em>20. kes\u00e4kuuta 2021<\/em><\/h3>\n\n\n\n<h2 class=\"wp-block-heading\"><strong>Kristillist\u00e4 podcastia tekem\u00e4\u00e4n!<\/strong><\/h2>\n\n\n\n<p><em><strong>Podcast<\/strong><\/em> on mediailmi\u00f6, joka on saavuttanut vakiintuneen paikan viestinn\u00e4ss\u00e4 ja mediakulttuurissa parin viime vuoden aikana. Podcast on \u00e4\u00e4niohjelma, joka julkaistaan \u200b\u200bMP3-muotoisena \u00e4\u00e4nitiedostona Internetiss\u00e4. Podcastia voitaisiin kutsua Internet-radio-ohjelmaksi. Ero verrattuna perinteiseen radioon on podcastin &#8221;jukebox&#8221; -luonne: kuluttaja voi kuunnella tai ladata \u00e4\u00e4niohjelman Internetist\u00e4 miss\u00e4 ja milloin tahansa.<\/p>\n\n\n\n<p><strong>K<\/strong>uka tahansa voi my\u00f6s julkaista itse tuotetun podcast-ohjelman internetiss\u00e4. My\u00f6s t\u00e4ss\u00e4 suhteessa podcast eroaa perinteisest\u00e4 radio-ohjelmasta. Pelkk\u00e4\u00e4 puhetta sis\u00e4lt\u00e4v\u00e4n podcastin tuottamiseen ja julkaisemiseen ei vaadita erityist\u00e4 lupaa. Musiikkia k\u00e4ytett\u00e4ess\u00e4 t\u00e4ytyy tekij\u00e4noikeuskysymyksist\u00e4 huolehtia erikseen.<\/p>\n\n\n\n<p><strong>P<\/strong>odcastin tuottaminen ei ole vaikeaa, t\u00e4rkeint\u00e4 on, ett\u00e4 on jotain sanottavaa. \u00c4\u00e4nityskokeilut voi hyvin aloittaa \u00e4lypuhelimella. Suurin osa \u00e4lypuhelimista tallentaa todella hyv\u00e4\u00e4 \u00e4\u00e4nt\u00e4. Pitemm\u00e4lle pyritt\u00e4ess\u00e4 kannattaa hankkia nimenomaan \u00e4\u00e4nitt\u00e4miseen tarkoitettu laitteisto. Netist\u00e4 l\u00f6ytyy my\u00f6s ilmaisia ATK-ohjelmia \u00e4\u00e4nitteen muokkaamiseen kannettavalla tietokoneella tai \u00e4lypuhelimella (esimerkiksi <em><a rel=\"noreferrer noopener\" href=\"https:\/\/www.audacityteam.org\/\" target=\"_blank\">Audacity<\/a> t<\/em>ietokoneelle ja <em><em>\u00a0<em><a rel=\"noreferrer noopener\" href=\"https:\/\/play.google.com\/store\/apps\/details?id=io.sbaud.wavstudio&amp;hl=fi\" target=\"_blank\">WaveEditor for Android<\/a><\/em><\/em><\/em> matkapuhelimelle). Podcast-\u00e4\u00e4nitiedostot voidaan julkaista my\u00f6s ilmaiseksi <em><a rel=\"noreferrer noopener\" href=\"https:\/\/anchor.fm\/\" target=\"_blank\">Anchor.fm<\/a><\/em> tai <em><a rel=\"noreferrer noopener\" href=\"https:\/\/soundcloud.com\/\" target=\"_blank\">Soundcloud<\/a> <\/em>&#8211; palvelujen kautta. Internetiss\u00e4 on olemassa useita t\u00e4llaisia \u200b\u200bpodcast-is\u00e4nn\u00f6intipalveluja podcastin julkaisemiseksi Suurin osa tarjoaa palvelua v\u00e4hint\u00e4\u00e4n tiettyyn rajaan asti maksutta. <em>Anchor.fm <\/em>on t\u00e4ll\u00e4 hetkell\u00e4 t\u00e4ysin ilmainen palvelu podcastien julkaisemiseen.<\/p>\n\n\n\n<p><strong>J<\/strong>aksomedian <a rel=\"noreferrer noopener\" href=\"https:\/\/jakso.fi\/podcastit\" target=\"_blank\">Jakso.fi<\/a> -sivustolta l\u00f6ytyy Suomalaisia podcasteja listattuna. Lis\u00e4\u00e4 tulee l\u00e4hes p\u00e4ivitt\u00e4in. Kristilliset podcastit loistavat kuitenkin poissaolollaan. Miksi n\u00e4in? Kristityill\u00e4 on kuitenkin hyv\u00e4 sanoma, evankeliumi, kerrottavaksi median kautta. Podcast-\u00e4\u00e4niohjelmaformaatti tarjoaa monipuolisia mahdollisuuksia ja tapoja evankeliumin v\u00e4litt\u00e4miseen. Podcastin tekeminen on kaikkien ulottuvilla. Podcastin luonteeseen kuuluu vapaa ja r\u00f6nsyilev\u00e4 ote ja stressitt\u00f6myys, podcast on rento media. Podcast voi olla vapaata keskustelua Raamatun \u00e4\u00e4rell\u00e4, radio-raamattupiiri, haastattelu-ohjelma, hartaus-ohjelma, teema-ohjelma, ihan mit\u00e4 vaan. L\u00e4hde rohkeasti kokeilemaan, vapauta sis\u00e4inen nettiradio-toimittajasi evankeliumin ty\u00f6h\u00f6n!<\/p>\n\n\n\n<p><strong>J<\/strong>os haluat neuvoja ja opastusta podcastin aloittamiseen ja tekemiseen, ota rohkeasti yhteytt\u00e4 t\u00e4m\u00e4n sivuston toimittajaan. Podcast on t\u00e4m\u00e4n p\u00e4iv\u00e4n media, my\u00f6s kristityille.<br>Voit kuunnella lis\u00e4\u00e4 aiheesta oheisesta Leif Nummelan <a href=\"http:\/\/www.kristimedia.fi\/?p=705\">haastattelusta<\/a>.<\/p>\n\n\n\n<p><\/p>\n\n\n\n<h3 class=\"wp-block-heading\"><em>31. hein\u00e4kuuta 2020<\/em><\/h3>\n\n\n\n<h2 class=\"wp-block-heading\"><strong>Kuuntele Raamattu l\u00e4pi vuodessa!<\/strong><\/h2>\n\n\n\n<p><strong>R<\/strong>aamatusta avautuu aivan uusia n\u00e4k\u00f6kulmia kuuntelemalla sit\u00e4. T\u00e4h\u00e4n on nyt oiva tilaisuus OPKON <strong><em><a rel=\"noreferrer noopener\" href=\"https:\/\/anchor.fm\/raamattupodi\" target=\"_blank\">Raamattupodin<\/a><\/em><\/strong> my\u00f6t\u00e4. <strong><em>Raamattupodi<\/em><\/strong> on internetist\u00e4 kuunneltava podcast-ohjelmasarja jossa luetaan koko Raamattu l\u00e4pi vuoden aikana. Pyrkimyksen\u00e4 on yhdist\u00e4\u00e4 Uutta ja Vanhaa Testamenttia ja saada samalla ymm\u00e4rryst\u00e4 Raamattuun kokonaisuutena. Jokaisessa ohjelmassa luetaan j\u00e4rjestyksess\u00e4 jakso Vanhasta Testamentissa, Uudesta Testamentista sek\u00e4 Psalmeista erikseen. Jokaisen jakson lopussa on aina muutama ajatus tai kysymys p\u00e4iv\u00e4n tekstiin liittyen. Tavoitteena on yhdist\u00e4\u00e4 testamentteja, syvent\u00e4\u00e4 suhdetta Herraan Jeesukseen ja antaa Sanan muuttaa el\u00e4m\u00e4\u00e4. <em>Raamattupodi <\/em>oiva lis\u00e4 p\u00e4ivitt\u00e4iseen hartausel\u00e4m\u00e4\u00e4n. Sana sellaisenaan auttaa jaksamaan t\u00e4ss\u00e4 p\u00e4iv\u00e4ss\u00e4 juuri nyt.<\/p>\n\n\n\n<p><em><strong>R<\/strong>aamattupodissa<\/em> luetaan vuoden 1992 raamatunk\u00e4\u00e4nn\u00f6st\u00e4. Lukusuunnitelma ja osa loppuajatuksista pohjautuu teokseen <em>Connect the Testaments: A 365-Day Devotional with Bible Reading Plan (John D. Barry and Rebecca Van Noord, Lexham Press, 2012)<\/em>.<br>Vaikka podcast alkaa Tammikuun 1. p\u00e4iv\u00e4st\u00e4, sen kuuntelun voi aloittaa j\u00e4lkik\u00e4teenkin, koska kaikki jaksot ovat koko ajan kuunteltavissa <em>Raamattupodin <\/em>podcast sivustolla. Annostella voi mielens\u00e4 mukaan. <em>Raamattupodi<\/em> on helposti kuunneltavissa niin tietokoneella, tabletilla kuin k\u00e4nnyk\u00e4ll\u00e4kin.<\/p>\n\n\n\n<p><br>Raamattupodin l\u00f6yd\u00e4t www-osoitteesta:<br><a href=\"https:\/\/anchor.fm\/raamattupodi\" target=\"_blank\" rel=\"noreferrer noopener\">https:\/\/anchor.fm\/raamattupodi<\/a><\/p>\n\n\n\n<p><em>Raamattupodia julkaisee Suomen Ev.lut. Opiskelija- ja Koululaisl\u00e4hetys ry eli <a href=\"https:\/\/www.opko.fi\/info\" target=\"_blank\" rel=\"noreferrer noopener\">OPKO<\/a>, joka on maamme suurimpia Suomen evankelis-luterilaisen kirkon piiriin kuuluvia koululais- ja opiskelijaty\u00f6t\u00e4 tekevi\u00e4 j\u00e4rjest\u00f6j\u00e4.<\/em><\/p>\n\n\n\n<p><\/p>\n\n\n\n<h3 class=\"wp-block-heading\"><em>3. huhtikuuta 2020<\/em><\/h3>\n\n\n\n<h2 class=\"wp-block-heading\">Veisatkaa Herralle uusi virsi<\/h2>\n\n\n\n<p><strong>M<\/strong>eneill\u00e4\u00e4n oleva epidemiakriisi on haastanut kristikuntaa etsim\u00e4\u00e4n uusia ihmisten tavoittamisen ja viestinn\u00e4n tapoja. Kun on jouduttu el\u00e4m\u00e4\u00e4n eristyksiss\u00e4, on internet osoittautunut parhaaksi tavaksi tavoittaa ihmisi\u00e4 evankeliumilla. K\u00e4yt\u00e4nn\u00f6n pakosta ovat seurakunnat ja kristilliset yhteis\u00f6t joutuneet opettelemaan verkkoviestinn\u00e4n tekniikkaa ja toimintapoja. Virusepidemia on pakottanut n\u00e4in seurakunnan opettelemaan uuden viestint\u00e4v\u00e4lineen k\u00e4yt\u00f6n ja jalkautumaan internetiin.<br><br><strong>N<\/strong>\u00e4in\u00e4 kriisin aikoina tarvitaan evankeliumia internetiin kaikin k\u00e4ytett\u00e4viss\u00e4 olevin keinoin (tekstin\u00e4, \u00e4\u00e4nen\u00e4, videona). Ihmiset ovat peloissaan ja ahdistuneita. Vain ilosanoma Kristuksesta voi rahoittaa levottoman sielun. Virret ovat oiva ja kristikunnan historiassa koeteltu keino sielun l\u00e4\u00e4kint\u00e4\u00e4n. Virret ovat s\u00e4veliin k\u00e4\u00e4ritty\u00e4 rukousta ja evankeliumia, ja ne ravitsevat sielua, vahvistavat uskoa ja rauhoittavat levotonta mielt\u00e4.<\/p>\n\n\n\n<p><strong>S<\/strong>eurakuntien musiikkiel\u00e4m\u00e4n avuksi on Suomen Ev.Lut. Kirkko perustanut  <strong>Virsikirja.fi<\/strong> -sivuston:<\/p>\n\n\n\n<p> <a rel=\"noreferrer noopener\" href=\"https:\/\/virsikirja.fi\/\" target=\"_blank\">https:\/\/virsikirja.fi\/<\/a><br><br><strong>T<\/strong>uolta www-sivulta l\u00f6ytyv\u00e4t kaikki suomalaisen virsikirjan virret s\u00e4velmineen ja sanoituksineen. Suurimmassa osassa virsi\u00e4 on mukana virren ensimm\u00e4inen s\u00e4keist\u00f6 laulettuna. Lis\u00e4ksi kunkin virren kohdalla voi kuunnella pelk\u00e4n s\u00e4velm\u00e4n soitettuna tai virren  s\u00e4estyksen yksin\u00e4\u00e4n.  <em>Virsikirja.fi<\/em> -sivusto tarjoaa erinomaisen avun henkil\u00f6kohtaiselle hartausel\u00e4m\u00e4lle tai erilaisille piireille, joilta puuttuu virsilaulun s\u00e4est\u00e4j\u00e4. K\u00e4nnyk\u00f6iss\u00e4kin hyvin py\u00f6riv\u00e4 <em>Virsikirja.fi<\/em> k\u00e4y hyvin mukana kulkevasta pikkukanttorista. <\/p>\n\n\n\n<p><strong>S<\/strong>uurin osa virsist\u00e4 on s\u00e4velmien ja sanoistusten puolesta tekij\u00e4noikeuslain alaista aineistoa, joten niit\u00e4 ei voi vapaasti esitt\u00e4\u00e4, julkaista tai k\u00e4ytt\u00e4\u00e4 omissa hartausohjelmissa esim. internetiss\u00e4 ilman asianomaista lupaa<br>. <br><strong>S<\/strong>iksi on hyv\u00e4 tiet\u00e4\u00e4, ett\u00e4 virsikirjassa on my\u00f6skin kymmeni\u00e4 tekij\u00e4noikeusvapaita virsi\u00e4, joita voi t\u00e4ysin vapaasti itse esitt\u00e4\u00e4 ja v\u00e4litt\u00e4\u00e4 internetin kautta joko suorana striimattuna tai tallennettuna, katso oheinen linkki. (Huomaa, ett\u00e4 kaupallisia <em>levytyksi\u00e4<\/em> ja <em>tallenteita<\/em> ei voi k\u00e4ytt\u00e4\u00e4, niiden k\u00e4ytt\u00f6\u00e4 valvoo <em>Gramex <\/em>vaikka <em>Teosto<\/em>-maksuja ei tarvitsisikaan maksaa).<\/p>\n\n\n\n<p><strong>L<\/strong>\u00f6yd\u00e4t vapaiden virsien listan seuraavalta internet-sivulta: <br><br> <a rel=\"noreferrer noopener\" href=\"https:\/\/virsikirja.fi\/tekijanoikeustiedot\/vapaat-virret\/\" target=\"_blank\"> https:\/\/virsikirja.fi\/tekijanoikeustiedot\/vapaat-virret\/<\/a> <\/p>\n\n\n\n<p><strong>I<\/strong>tse ja yst\u00e4vien kanssa saat laulaa ja soittaa n\u00e4it\u00e4 virsi\u00e4 niin paljon ja niin usein kuin sielu siet\u00e4\u00e4. Ja julkaista niit\u00e4 miss\u00e4 vain ja milloin vain, ei tarvitse raportoida eik\u00e4 maksaa mit\u00e4\u00e4n maksuja minnek\u00e4\u00e4n.<br><br><strong>H<\/strong>aastankin n\u00e4in kaikki musisoivat kristiveljet ja-sisaret esitt\u00e4m\u00e4\u00e4n ja tallentamaan n\u00e4it\u00e4 vapaita virsi\u00e4 internetiin &#8211; muidenkin k\u00e4ytett\u00e4v\u00e4ksi vapaasti esim. netti- ja videohartauksissa. Esitystallenteita k\u00e4ytett\u00e4ess\u00e4 on tietysti aina mainittava esitt\u00e4j\u00e4t, eik\u00e4 niit\u00e4 saa k\u00e4ytt\u00e4\u00e4 kaupallisesti ilman esitt\u00e4jien lupaa.<br><br><strong>J<\/strong>a sin\u00e4 musisoiva veli tai sisar: Jos annat vapaan virren esityksesi ilmaiseksi jaettavaksi internetiin &#8211; Jumalan kunniaksi, evankeliumin hyv\u00e4ksi ja mielen virkistyksesi &#8211; et varmasti siit\u00e4 k\u00f6yhdy. Olet saava korvauksen Herralta aikanaan. <em>&#8221;Lahjaksi olette saaneet, lahjaksi antakaa&#8221; (Matt. 10:8)<\/em>. <br><br><strong><em>&#8221;Musiikki on er\u00e4s Jumalan kauneimpia ja ihanimpia lahjoja. Saatana on sen vihollinen, koska sill\u00e4 voidaan karkottaa monia ahdinkoja ja synkki\u00e4 ajatuksia.&#8221; &#8211; Martti Luther<\/em><br><br><em>&#8221;Veisatkaa Herralle uusi virsi, veisatkaa Herralle, kaikki maa. Veisatkaa Herralle, ylist\u00e4k\u00e4\u00e4 h\u00e4nen nime\u00e4ns\u00e4. Julistakaa p\u00e4iv\u00e4st\u00e4 p\u00e4iv\u00e4\u00e4n h\u00e4nen pelastustekojansa.&#8221; (Ps. 96:1-2)<\/em><\/strong><\/p>\n","protected":false},"excerpt":{"rendered":"<p>20. kes\u00e4kuuta 2021 Kristillist\u00e4 podcastia tekem\u00e4\u00e4n! Podcast on mediailmi\u00f6, joka on saavuttanut vakiintuneen paikan viestinn\u00e4ss\u00e4 ja mediakulttuurissa parin viime vuoden aikana. Podcast on \u00e4\u00e4niohjelma, joka julkaistaan \u200b\u200bMP3-muotoisena \u00e4\u00e4nitiedostona Internetiss\u00e4. Podcastia voitaisiin kutsua Internet-radio-ohjelmaksi. Ero verrattuna perinteiseen radioon on podcastin &#8221;jukebox&#8221; &hellip; <a href=\"http:\/\/www.kristimedia.fi\/?page_id=852\">Lue loppuun <span class=\"meta-nav\">&rarr;<\/span><\/a><\/p>\n","protected":false},"author":3,"featured_media":0,"parent":0,"menu_order":0,"comment_status":"closed","ping_status":"closed","template":"","meta":{"footnotes":""},"class_list":["post-852","page","type-page","status-publish","hentry"],"_links":{"self":[{"href":"http:\/\/www.kristimedia.fi\/index.php?rest_route=\/wp\/v2\/pages\/852","targetHints":{"allow":["GET"]}}],"collection":[{"href":"http:\/\/www.kristimedia.fi\/index.php?rest_route=\/wp\/v2\/pages"}],"about":[{"href":"http:\/\/www.kristimedia.fi\/index.php?rest_route=\/wp\/v2\/types\/page"}],"author":[{"embeddable":true,"href":"http:\/\/www.kristimedia.fi\/index.php?rest_route=\/wp\/v2\/users\/3"}],"replies":[{"embeddable":true,"href":"http:\/\/www.kristimedia.fi\/index.php?rest_route=%2Fwp%2Fv2%2Fcomments&post=852"}],"version-history":[{"count":36,"href":"http:\/\/www.kristimedia.fi\/index.php?rest_route=\/wp\/v2\/pages\/852\/revisions"}],"predecessor-version":[{"id":907,"href":"http:\/\/www.kristimedia.fi\/index.php?rest_route=\/wp\/v2\/pages\/852\/revisions\/907"}],"wp:attachment":[{"href":"http:\/\/www.kristimedia.fi\/index.php?rest_route=%2Fwp%2Fv2%2Fmedia&parent=852"}],"curies":[{"name":"wp","href":"https:\/\/api.w.org\/{rel}","templated":true}]}}