{"id":98,"date":"2010-07-03T05:51:24","date_gmt":"2010-07-03T02:51:24","guid":{"rendered":"http:\/\/www.kristimedia.fi\/?page_id=98"},"modified":"2019-07-03T23:04:11","modified_gmt":"2019-07-03T20:04:11","slug":"ohjeita","status":"publish","type":"page","link":"http:\/\/www.kristimedia.fi\/?page_id=98","title":{"rendered":"Ohjeita"},"content":{"rendered":"<p><!----\n<strong>Mit\u00e4 on Podcast?<\/strong>\n<em>\u201cPodcasting on tilauspohjaista \u00e4\u00e4nitiedostojen julkaisua verkossa. Podcastin pit\u00e4j\u00e4 julkaisee RSS- tai Atom-sy\u00f6tett\u00e4, jossa on tiedot julkaistuista \u00e4\u00e4nitiedostoista. Kuuntelijalla on puolestaan ohjelma, joka seuraa sy\u00f6tteen p\u00e4ivittymist\u00e4 ja automaattisesti lataa sen perusteella tiedostot my\u00f6hemmin kuunneltavaksi.\nK\u00e4yt\u00e4nn\u00f6ss\u00e4 kuuntelu voi tapahtua tietokoneen lis\u00e4ksi my\u00f6s MP3-soittimella tai muulla mobiililaitteella. Itse sana podcasting tulee sanoista iPod ja broadcasting, joka viittaa audiotiedostojen siirt\u00e4miseen Applen MP3-soittimeen. Koska iPod ei kuitenkaan ole v\u00e4ltt\u00e4m\u00e4t\u00f6n podcastin kuunteluv\u00e4line on termi my\u00f6hemmin otettu k\u00e4ytt\u00f6\u00f6n akronyymin\u00e4 joka tulee sanoista \u201cPortable on demand\u201d. Termi \u201cpodcasting\u201d tuli tunnetuksi vuonna 2004 ja ensimm\u00e4iset podcastit Suomessa aloitettiin vuonna 2005. \u201c\n<\/em>Lue lis\u00e4\u00e4 Podcastingista t\u00e4\u00e4lt\u00e4:\n<a href=\"http:\/\/fi.wikipedia.org\/wiki\/Podcasting\" target=\"_blank\" rel=\"noopener noreferrer\">http:\/\/fi.wikipedia.org\/wiki\/Podcasting<\/a>\n\n<strong>Mit\u00e4 on RSS?<\/strong>\n\n<em>\u201cRSS-sy\u00f6tteen avulla voit yhdell\u00e4 silm\u00e4yksell\u00e4 p\u00e4\u00e4st\u00e4 ajan tasalle kymmenien internetsivustojen sis\u00e4ll\u00f6st\u00e4. Sen sijaan, ett\u00e4 itse jatkuvasti k\u00e4visit katsomassa, mit\u00e4 uutta niill\u00e4 on tarjottavana, voit k\u00e4ytt\u00e4\u00e4 RSS-selainta, joka ilmoittaa, kun jotain uutta on julkaistu, ja n\u00e4ytt\u00e4\u00e4 yhteenvedon sis\u00e4ll\u00f6st\u00e4. RSS-selaimesta voit helposti siirty\u00e4 kyseiselle sivulle.\u201d<\/em>\n\n<em>\u201cRSS (lyhenne sanoista Really Simple Syndication) on joukko verkkosy\u00f6temuotoja, joita k\u00e4ytet\u00e4\u00e4n usein p\u00e4ivittyv\u00e4n digitaalisen sis\u00e4ll\u00f6n julkaisemiseen. T\u00e4llaista sis\u00e4lt\u00f6\u00e4 ovat esimerkiksi blogit, uutiset ja podcastit.\nErillisten lukijaohjelmien, kuten Amphetadeskin, Akregatorin ja Bloglinesin lis\u00e4ksi RSS-sy\u00f6tteit\u00e4 voi lukea mm. Firefox-, Safari-, Opera-, OmniWeb-, Flock- ja Internet Explorer -selaimilla.\u201d<\/em>\n\nLue lis\u00e4\u00e4 aiheesta t\u00e4\u00e4lt\u00e4:\n<a href=\"http:\/\/fi.wikipedia.org\/wiki\/RSS\" target=\"_blank\" rel=\"noopener noreferrer\">http:\/\/fi.wikipedia.org\/wiki\/RSS<\/a>\n\nVoi tilata KRISTIMEDIA.fi verkkotoimituksen RSS-sy\u00f6tteen yl\u00e4reunan otsikon alla olevasta RSS-linkist\u00e4.\n\n<strong>\u00c4\u00e4nitiedostojen<\/strong> suoraan kuunteluun saatat tarvita Flash Player -selain-pluginin asentamista tietokoneeseen. Useimissa tietokoneissa t\u00e4m\u00e4 on jo valmiina. Jos et n\u00e4e \u00e4\u00e4nitiedosto-linkin alapuolella \u2018soittonappeja\u2019, niin asenna ilmainen Flash Player seuraavalta sivulta:\n\n<a href=\"http:\/\/get.adobe.com\/flashplayer\/?promoid=DXLU\" target=\"_blank\" rel=\"noopener noreferrer\">http:\/\/get.adobe.com\/flashplayer\/?promoid=DXLU<\/a>\n\n<strong>Video-tiedostojen<\/strong> katseluun saatat tarvita Quicktime-ohjelman. Jos video ei n\u00e4y ikkunassa, voit ladata ilmaisen Quicktime -Playerin seuravalta sivulta\n\n<a href=\"http:\/\/www.apple.com\/quicktime\/download\/\" target=\"_blank\" rel=\"noopener noreferrer\">http:\/\/www.apple.com\/quicktime\/download\/<\/a>\n\n----><br \/>\n<strong>\u00c4<\/strong>\u00e4nitiedostot ovat kuunneltavissa kulloisenkin artikkelin yhteydess\u00e4 olevalla soittimella (Player). Joka tapauksessa voit aina tallentaa mediatiedoston tietokoneellesi suoraan tiedostolinkist\u00e4. Esim. Internet Explorerissa n\u00e4pp\u00e4\u00e4 tiedostolinkki\u00e4 hiiren oikealla n\u00e4pp\u00e4imell\u00e4 ja valitse avautuvasta valikosta \u2018Tallenna kohde nimell\u00e4\u2019.<\/p>\n<p><strong>H<\/strong>uom! Riippuen <strong>internet-yhteytesi<\/strong> nopeudesta mediatiedostojen toisto saattaa alkaa pienen viiveen j\u00e4lkeen ensimm\u00e4ist\u00e4 kertaa kuunnellessasi. Mediatiedostojen sujuva kuuntelu ja katselu edellytt\u00e4\u00e4 laajakaistayhteytt\u00e4.<\/p>\n<p><!----\n<a title=\"Kristillinen verkkomedialinja - Loimaan evankelinen kansanopisto\" href=\"http:\/\/www.leko.fi\/valmennustalo\/kristillinen-verkkomedia-monimuoto-opiskeluna\/\" target=\"_blank\" rel=\"noopener noreferrer\">\n<img loading=\"lazy\" decoding=\"async\" class=\"aligncenter size-full wp-image-328\" title=\"Verkkomediakurssi - Loimaan evankelinen opisto\" src=\"http:\/\/www.kristimedia.fi\/wp-content\/uploads\/2012\/03\/LEKO_verkkomediakurssi_banneri__728x90.gif\" alt=\"\" width=\"728\" height=\"90\" srcset=\"http:\/\/www.kristimedia.fi\/wp-content\/uploads\/2012\/03\/LEKO_verkkomediakurssi_banneri__728x90.gif 728w, http:\/\/www.kristimedia.fi\/wp-content\/uploads\/2012\/03\/LEKO_verkkomediakurssi_banneri__728x90-300x37.gif 300w\" sizes=\"auto, (max-width: 728px) 100vw, 728px\" \/><\/a>\n---><br \/>\n<hr \/><small>- <i><b>Sananlaskut<\/b> 22:3  Mielev&auml; n&auml;kee vaaran ja k&auml;tkeytyy, mutta yksinkertaiset k&auml;yv&auml;t kohti ja saavat vahingon.\n -<\/i><small><br><br><br><br><\/p>\n","protected":false},"excerpt":{"rendered":"<p>\u00c4\u00e4nitiedostot ovat kuunneltavissa kulloisenkin artikkelin yhteydess\u00e4 olevalla soittimella (Player). Joka tapauksessa voit aina tallentaa mediatiedoston tietokoneellesi suoraan tiedostolinkist\u00e4. Esim. Internet Explorerissa n\u00e4pp\u00e4\u00e4 tiedostolinkki\u00e4 hiiren oikealla n\u00e4pp\u00e4imell\u00e4 ja valitse avautuvasta valikosta \u2018Tallenna kohde nimell\u00e4\u2019. Huom! Riippuen internet-yhteytesi nopeudesta mediatiedostojen toisto saattaa &hellip; <a href=\"http:\/\/www.kristimedia.fi\/?page_id=98\">Lue loppuun <span class=\"meta-nav\">&rarr;<\/span><\/a><\/p>\n","protected":false},"author":3,"featured_media":0,"parent":0,"menu_order":0,"comment_status":"closed","ping_status":"closed","template":"","meta":{"footnotes":""},"class_list":["post-98","page","type-page","status-publish","hentry"],"_links":{"self":[{"href":"http:\/\/www.kristimedia.fi\/index.php?rest_route=\/wp\/v2\/pages\/98","targetHints":{"allow":["GET"]}}],"collection":[{"href":"http:\/\/www.kristimedia.fi\/index.php?rest_route=\/wp\/v2\/pages"}],"about":[{"href":"http:\/\/www.kristimedia.fi\/index.php?rest_route=\/wp\/v2\/types\/page"}],"author":[{"embeddable":true,"href":"http:\/\/www.kristimedia.fi\/index.php?rest_route=\/wp\/v2\/users\/3"}],"replies":[{"embeddable":true,"href":"http:\/\/www.kristimedia.fi\/index.php?rest_route=%2Fwp%2Fv2%2Fcomments&post=98"}],"version-history":[{"count":34,"href":"http:\/\/www.kristimedia.fi\/index.php?rest_route=\/wp\/v2\/pages\/98\/revisions"}],"predecessor-version":[{"id":704,"href":"http:\/\/www.kristimedia.fi\/index.php?rest_route=\/wp\/v2\/pages\/98\/revisions\/704"}],"wp:attachment":[{"href":"http:\/\/www.kristimedia.fi\/index.php?rest_route=%2Fwp%2Fv2%2Fmedia&parent=98"}],"curies":[{"name":"wp","href":"https:\/\/api.w.org\/{rel}","templated":true}]}}